{"id":1304,"date":"2018-07-10T12:09:44","date_gmt":"2018-07-10T11:09:44","guid":{"rendered":"http:\/\/www.cto.patothom.org\/?page_id=1304"},"modified":"2025-04-09T15:17:35","modified_gmt":"2025-04-09T14:17:35","slug":"formacion","status":"publish","type":"page","link":"https:\/\/www.patothom.org\/es\/formacion\/","title":{"rendered":"Formaci\u00f3n"},"content":{"rendered":"<p class=\"\" data-start=\"0\" data-end=\"26\"><strong data-start=\"0\" data-end=\"24\">Cursos y Formaciones<\/strong><\/p>\n<p class=\"\" data-start=\"28\" data-end=\"137\">Si quer\u00e9is organizar una formaci\u00f3n con nosotros, escribid a <a href=\"mailto:info@patothom.org\"><strong data-start=\"88\" data-end=\"104\">info@patothom.org<\/strong><\/a> para solicitar un presupuesto.<\/p>\n<p class=\"\" data-start=\"139\" data-end=\"265\"><strong data-start=\"142\" data-end=\"157\">Condiciones<\/strong>: Realizamos un m\u00ednimo de <strong data-start=\"183\" data-end=\"197\">4 sesiones<\/strong>.<br data-start=\"198\" data-end=\"201\" \/><strong data-start=\"204\" data-end=\"220\">Especialidad<\/strong>: Teatro del Oprimido con <strong data-start=\"246\" data-end=\"264\">Jordi Forcadas<\/strong>.<\/p>\n<p>&nbsp;<\/p>\n<p>&nbsp;<\/p>\n<p>&nbsp;<\/p>\n<div id='gallery-2' class='gallery galleryid-1304 gallery-columns-5 gallery-size-medium'><dl class='gallery-item'>\n\t\t\t<dt class='gallery-icon landscape'>\n\t\t\t\t<a class='swipebox' href='https:\/\/www.patothom.org\/es\/sense-terra-obra-de-teatre-de-la-cia-joves-de-patothom\/yukaly-reh-05\/'><img loading=\"lazy\" decoding=\"async\" width=\"300\" height=\"186\" src=\"https:\/\/www.patothom.org\/wp-content\/uploads\/2021\/05\/yukaly-reh-05-300x186.jpg\" class=\"attachment-medium size-medium\" alt=\"Forn de teatre Pa&#039;tothom, Barcelona\" aria-describedby=\"gallery-2-2725\" srcset=\"https:\/\/www.patothom.org\/wp-content\/uploads\/2021\/05\/yukaly-reh-05-300x186.jpg 300w, https:\/\/www.patothom.org\/wp-content\/uploads\/2021\/05\/yukaly-reh-05-768x476.jpg 768w, https:\/\/www.patothom.org\/wp-content\/uploads\/2021\/05\/yukaly-reh-05-1024x635.jpg 1024w, https:\/\/www.patothom.org\/wp-content\/uploads\/2021\/05\/yukaly-reh-05-695x431.jpg 695w, https:\/\/www.patothom.org\/wp-content\/uploads\/2021\/05\/yukaly-reh-05-930x576.jpg 930w, https:\/\/www.patothom.org\/wp-content\/uploads\/2021\/05\/yukaly-reh-05-e1621764091738.jpg 400w\" sizes=\"(max-width: 300px) 100vw, 300px\" \/><\/a>\n\t\t\t<\/dt>\n\t\t\t\t<dd class='wp-caption-text gallery-caption' id='gallery-2-2725'>\n\t\t\t\tTeatre de l&#8217;Oprimit &#8211; Pa&#8217;tothom\n\t\t\t\t<\/dd><\/dl><dl class='gallery-item'>\n\t\t\t<dt class='gallery-icon landscape'>\n\t\t\t\t<a class='swipebox' href='https:\/\/www.patothom.org\/es\/jornades-de-la-cnaae\/web_clase_islamofobia2\/'><img loading=\"lazy\" decoding=\"async\" width=\"300\" height=\"203\" src=\"https:\/\/www.patothom.org\/wp-content\/uploads\/2021\/05\/web_clase_islamofobia2-e1658649530857-300x203.jpg\" class=\"attachment-medium size-medium\" alt=\"Forn de teatre Pa&#039;tothom, Barcelona\" aria-describedby=\"gallery-2-2714\" srcset=\"https:\/\/www.patothom.org\/wp-content\/uploads\/2021\/05\/web_clase_islamofobia2-e1658649530857-300x203.jpg 300w, https:\/\/www.patothom.org\/wp-content\/uploads\/2021\/05\/web_clase_islamofobia2-e1658649530857-768x520.jpg 768w, https:\/\/www.patothom.org\/wp-content\/uploads\/2021\/05\/web_clase_islamofobia2-e1658649530857-695x471.jpg 695w, https:\/\/www.patothom.org\/wp-content\/uploads\/2021\/05\/web_clase_islamofobia2-e1658649530857.jpg 899w\" sizes=\"(max-width: 300px) 100vw, 300px\" \/><\/a>\n\t\t\t<\/dt>\n\t\t\t\t<dd class='wp-caption-text gallery-caption' id='gallery-2-2714'>\n\t\t\t\tTeatre de l&#8217;Oprimit Pa&#8217;tothom\n\t\t\t\t<\/dd><\/dl><dl class='gallery-item'>\n\t\t\t<dt class='gallery-icon landscape'>\n\t\t\t\t<a class='swipebox' href='https:\/\/www.patothom.org\/es\/teatre-forum-la-insuportable-banalitat-del-tema\/img_6893\/'><img loading=\"lazy\" decoding=\"async\" width=\"300\" height=\"200\" src=\"https:\/\/www.patothom.org\/wp-content\/uploads\/2021\/05\/IMG_6893-300x200.jpg\" class=\"attachment-medium size-medium\" alt=\"Forn de teatre Pa&#039;tothom, Barcelona\" aria-describedby=\"gallery-2-2706\" srcset=\"https:\/\/www.patothom.org\/wp-content\/uploads\/2021\/05\/IMG_6893-300x200.jpg 300w, https:\/\/www.patothom.org\/wp-content\/uploads\/2021\/05\/IMG_6893-768x512.jpg 768w, https:\/\/www.patothom.org\/wp-content\/uploads\/2021\/05\/IMG_6893-1024x683.jpg 1024w, https:\/\/www.patothom.org\/wp-content\/uploads\/2021\/05\/IMG_6893-695x463.jpg 695w, https:\/\/www.patothom.org\/wp-content\/uploads\/2021\/05\/IMG_6893-930x620.jpg 930w, https:\/\/www.patothom.org\/wp-content\/uploads\/2021\/05\/IMG_6893-e1621531343600.jpg 1000w\" sizes=\"(max-width: 300px) 100vw, 300px\" \/><\/a>\n\t\t\t<\/dt>\n\t\t\t\t<dd class='wp-caption-text gallery-caption' id='gallery-2-2706'>\n\t\t\t\tTeatre de l&#8217;Oprimit Pa&#8217;tothom\n\t\t\t\t<\/dd><\/dl><dl class='gallery-item'>\n\t\t\t<dt class='gallery-icon landscape'>\n\t\t\t\t<a class='swipebox' href='https:\/\/www.patothom.org\/es\/the-tip-eines-teatrals-per-a-la-prevencio-de-la-islamofobia\/tooltips-103\/'><img loading=\"lazy\" decoding=\"async\" width=\"300\" height=\"200\" src=\"https:\/\/www.patothom.org\/wp-content\/uploads\/2020\/03\/Tooltips-103-300x200.jpg\" class=\"attachment-medium size-medium\" alt=\"Forn de teatre Pa&#039;tothom, Barcelona\" aria-describedby=\"gallery-2-2518\" srcset=\"https:\/\/www.patothom.org\/wp-content\/uploads\/2020\/03\/Tooltips-103-e1583153793546.jpg 300w, https:\/\/www.patothom.org\/wp-content\/uploads\/2020\/03\/Tooltips-103-768x512.jpg 768w, https:\/\/www.patothom.org\/wp-content\/uploads\/2020\/03\/Tooltips-103-1024x683.jpg 1024w, https:\/\/www.patothom.org\/wp-content\/uploads\/2020\/03\/Tooltips-103-695x463.jpg 695w, https:\/\/www.patothom.org\/wp-content\/uploads\/2020\/03\/Tooltips-103-930x620.jpg 930w\" sizes=\"(max-width: 300px) 100vw, 300px\" \/><\/a>\n\t\t\t<\/dt>\n\t\t\t\t<dd class='wp-caption-text gallery-caption' id='gallery-2-2518'>\n\t\t\t\tTeatre de l&#8217;Oprimit Pa&#8217;tothom\n\t\t\t\t<\/dd><\/dl><dl class='gallery-item'>\n\t\t\t<dt class='gallery-icon landscape'>\n\t\t\t\t<a class='swipebox' href='https:\/\/www.patothom.org\/es\/final-de-curs-de-cintra\/cintra_teatre\/'><img loading=\"lazy\" decoding=\"async\" width=\"300\" height=\"200\" src=\"https:\/\/www.patothom.org\/wp-content\/uploads\/2019\/05\/cintra_teatre-300x200.jpg\" class=\"attachment-medium size-medium\" alt=\"Forn de teatre Pa&#039;tothom\" aria-describedby=\"gallery-2-2171\" srcset=\"https:\/\/www.patothom.org\/wp-content\/uploads\/2019\/05\/cintra_teatre-300x200.jpg 300w, https:\/\/www.patothom.org\/wp-content\/uploads\/2019\/05\/cintra_teatre.jpg 656w\" sizes=\"(max-width: 300px) 100vw, 300px\" \/><\/a>\n\t\t\t<\/dt>\n\t\t\t\t<dd class='wp-caption-text gallery-caption' id='gallery-2-2171'>\n\t\t\t\tTeatre de l&#8217;Oprimit Pa&#8217;tothom\n\t\t\t\t<\/dd><\/dl><br style=\"clear: both\" \/>\n\t\t<\/div>","protected":false},"excerpt":{"rendered":"<p>Cursos y Formaciones Si quer\u00e9is organizar una formaci\u00f3n con nosotros, escribid a info@patothom.org para solicitar un presupuesto. Condiciones: Realizamos un m\u00ednimo de 4 sesiones.Especialidad: Teatro del Oprimido con Jordi Forcadas. &nbsp; &nbsp; &nbsp;<a class=\"moretag\" href=\"https:\/\/www.patothom.org\/es\/formacion\/\" title=\"Formaci\u00f3n\" target=\"_self\" rel=\"follow\"> Leer + <\/a><\/p>\n","protected":false},"author":5,"featured_media":0,"parent":0,"menu_order":0,"comment_status":"closed","ping_status":"closed","template":"","meta":{"footnotes":""},"_links":{"self":[{"href":"https:\/\/www.patothom.org\/es\/wp-json\/wp\/v2\/pages\/1304"}],"collection":[{"href":"https:\/\/www.patothom.org\/es\/wp-json\/wp\/v2\/pages"}],"about":[{"href":"https:\/\/www.patothom.org\/es\/wp-json\/wp\/v2\/types\/page"}],"author":[{"embeddable":true,"href":"https:\/\/www.patothom.org\/es\/wp-json\/wp\/v2\/users\/5"}],"replies":[{"embeddable":true,"href":"https:\/\/www.patothom.org\/es\/wp-json\/wp\/v2\/comments?post=1304"}],"version-history":[{"count":34,"href":"https:\/\/www.patothom.org\/es\/wp-json\/wp\/v2\/pages\/1304\/revisions"}],"predecessor-version":[{"id":4130,"href":"https:\/\/www.patothom.org\/es\/wp-json\/wp\/v2\/pages\/1304\/revisions\/4130"}],"wp:attachment":[{"href":"https:\/\/www.patothom.org\/es\/wp-json\/wp\/v2\/media?parent=1304"}],"curies":[{"name":"wp","href":"https:\/\/api.w.org\/{rel}","templated":true}]}}