{"id":1333,"date":"2018-07-10T20:44:53","date_gmt":"2018-07-10T19:44:53","guid":{"rendered":"http:\/\/www.cto.patothom.org\/?page_id=1333"},"modified":"2025-04-10T10:09:37","modified_gmt":"2025-04-10T09:09:37","slug":"obres-de-teatre-forum","status":"publish","type":"page","link":"https:\/\/www.patothom.org\/es\/servicios\/obres-de-teatre-forum\/","title":{"rendered":"OBRAS DE TEATRO FORO"},"content":{"rendered":"&nbsp;<\/p>\n<p>La experiencia del<strong> Forn de teatre Pa&#8217;tothom<\/strong> es ampliamente conocida por las representaciones de teatro foro con una gran cualidad, fruto de estudio y an\u00e1lisis profundo de las situaciones que exploran las relaciones de poder que se exponen para el debate. Dentro del trabajo realizado durante 25 a\u00f1os se pueden contar las siguientes obras montadas.<\/p>\n<p><strong><em>La insoportable banalidad del tema<\/em><\/strong><br \/>\nObra de teatro foro que aborda la discriminaci\u00f3n contra la comunidad musulmana o personas identificadas como tal.<\/p>\n<p><em><strong>Mustaf\u00e0 \u00e9st\u00e0 en el rellano<br \/>\n<\/strong><\/em>Obra de teatro foro que aborda el racismo sutil que se manifiesta con la discriminaci\u00f3n, los rumores y los estereotipo.<\/p>\n<p><em><strong>El Plan Ilusi\u00f3n<br \/>\n<\/strong><\/em>Boicot a que los bancos entren a las escuelas para ense\u00f1ar nada. A favor de las reivindicaciones de la PLEEC. Trato de la banca con la ciudadan\u00eda. Sus mentiras y enga\u00f1os.<\/p>\n<p><em><strong>Grito Amordazado<br \/>\n<\/strong><\/em>La ley de seguridad ciudadana nos ha movilizado contra el recorte en derechos que ha representado. Ley Mordaza<\/p>\n<p><em><strong>\u00a1Es cosa de ni\u00f1os!<br \/>\n<\/strong><\/em>El maltrato entre iguales es una cosa que podemos analizar entre todos. Acoso escolar, bullying.<\/p>\n<p><em><strong>\u00bfQu\u00e9? \u00bfLo logras?<\/strong><\/em><br \/>\nLa mujer en el mundo laboral. El techo de vidrio y relaciones laborales. Discriminaci\u00f3n de la mujer en entornos laborales.<\/p>\n<p><strong><em>\u00a1Son cosas nuestras!<\/em><\/strong><br \/>\nLas relaciones interpersonales entre compa\u00f1eros de la escuela no siempre son buenas y no son conscientes que la ayuda de un adulto puede resultar \u00fatil.<\/p>\n<p><em><strong>\u00bfD\u00f3nde viviremos?<br \/>\n<\/strong><\/em>La situaci\u00f3n para muchos vecinos y vecinas de Barcelona que son\u00a0 expulsados de sus casas por los grandes lobbies de la especulaci\u00f3n. La vivienda y el alquiler en Barcelona.<\/p>\n<p><em><strong>La mama&#8230; pilar de la familia<br \/>\n<\/strong><\/em>En las mujeres recae, todav\u00eda, mucho trabajo del cuidado y la educaci\u00f3n de los hijos. Analizar en grupo lo que pensamos es tarea de esta obra de teatro foro. El rol de g\u00e9nero en la educaci\u00f3n y cuidados en las familias.<\/p>\n<p><em><strong>\u00bfC\u00f3mo decir no?<br \/>\n<\/strong><\/em>C\u00f3mo tenemos que hablar y educar a nuestros hijos para que puedan encarar un futuro con responsabilidad y que no les dar\u00e1 lo que los padres le dan. L\u00edmites a los ni\u00f1os\/as.<\/p>\n<p><em><strong>Disfrutar del juego<br \/>\n<\/strong><\/em>\u00bfRealmente la juventud disfruta del juego y el deporte en una sociedad tan competitiva? Muchos j\u00f3venes no practican deporte por las din\u00e1micas que encuentran.<\/p>\n<p><em><strong>\u00bfEducar es cosa m\u00eda o tuya?<br \/>\n<\/strong><\/em>Cuando un ni\u00f1o hace algo incorrecto, la familia dice que lo ha aprendido en la escuela, mientras que \u00e9sta dice que sus actitudes son responsabilidad de la familia (relaciones familias\/escuela).<\/p>\n<p>&nbsp;<\/p>\n<p>Puedes consultar la trayectoria de <a href=\"https:\/\/www.patothom.org\/jordi_forcadas\/\">Jordi Forcadas<\/a><\/p>\n<p>Si est\u00e1s interesado en montar un proyecto teatral puedes escribir a <a href=\"mailto:info@patothom.org\">info@patothom.org<\/a>.<\/p>\n<p>&nbsp;<\/p>\n<p><img loading=\"lazy\" decoding=\"async\" class=\"aligncenter size-large wp-image-3184\" src=\"https:\/\/www.patothom.org\/wp-content\/uploads\/2022\/01\/IMG_0032-1024x683.jpg\" alt=\"Forn de teatre Pa'tothom\" width=\"615\" height=\"410\" \/><\/p>\n<p>&nbsp;<\/p>\n<p>&nbsp;","protected":false},"excerpt":{"rendered":"<p>&nbsp; La experiencia del Forn de teatre Pa&#8217;tothom es ampliamente conocida por las representaciones de teatro foro con una gran cualidad, fruto de estudio y an\u00e1lisis profundo de las situaciones que exploran las relaciones de poder que se exponen para el debate. Dentro del trabajo realizado durante 25 a\u00f1os se pueden contar las siguientes obras<a class=\"moretag\" href=\"https:\/\/www.patothom.org\/es\/servicios\/obres-de-teatre-forum\/\" title=\"OBRAS DE TEATRO FORO\" target=\"_self\" rel=\"follow\"> Leer + <\/a><\/p>\n","protected":false},"author":5,"featured_media":0,"parent":1328,"menu_order":0,"comment_status":"closed","ping_status":"closed","template":"","meta":{"footnotes":""},"_links":{"self":[{"href":"https:\/\/www.patothom.org\/es\/wp-json\/wp\/v2\/pages\/1333"}],"collection":[{"href":"https:\/\/www.patothom.org\/es\/wp-json\/wp\/v2\/pages"}],"about":[{"href":"https:\/\/www.patothom.org\/es\/wp-json\/wp\/v2\/types\/page"}],"author":[{"embeddable":true,"href":"https:\/\/www.patothom.org\/es\/wp-json\/wp\/v2\/users\/5"}],"replies":[{"embeddable":true,"href":"https:\/\/www.patothom.org\/es\/wp-json\/wp\/v2\/comments?post=1333"}],"version-history":[{"count":9,"href":"https:\/\/www.patothom.org\/es\/wp-json\/wp\/v2\/pages\/1333\/revisions"}],"predecessor-version":[{"id":4173,"href":"https:\/\/www.patothom.org\/es\/wp-json\/wp\/v2\/pages\/1333\/revisions\/4173"}],"up":[{"embeddable":true,"href":"https:\/\/www.patothom.org\/es\/wp-json\/wp\/v2\/pages\/1328"}],"wp:attachment":[{"href":"https:\/\/www.patothom.org\/es\/wp-json\/wp\/v2\/media?parent=1333"}],"curies":[{"name":"wp","href":"https:\/\/api.w.org\/{rel}","templated":true}]}}