{"id":1374,"date":"2018-07-11T10:20:53","date_gmt":"2018-07-11T09:20:53","guid":{"rendered":"http:\/\/www.cto.patothom.org\/?page_id=1374"},"modified":"2025-04-09T17:09:33","modified_gmt":"2025-04-09T16:09:33","slug":"proyectos","status":"publish","type":"page","link":"https:\/\/www.patothom.org\/es\/proyectos\/","title":{"rendered":"Proyectos"},"content":{"rendered":"Pa\u2019tothom ha llevado a cabo numerosos proyectos con diferentes l\u00edneas de trabajo, diferentes tipos de intervenci\u00f3n y de colectivos.<\/p>\n<p>Todos est\u00e1n a cargo del director art\u00edstico de la entidad: <a href=\"https:\/\/www.patothom.org\/jordi_forcadas\/\">Jordi Forcadas<\/a><\/p>\n<div class=\"su-tabs su-tabs-style-default su-tabs-mobile-stack\" data-active=\"1\" data-scroll-offset=\"0\" data-anchor-in-url=\"no\"><div class=\"su-tabs-nav\"><span class=\"\" data-url=\"\" data-target=\"blank\" tabindex=\"0\" role=\"button\">Tem\u00e0tiques<\/span><span class=\"\" data-url=\"\" data-target=\"blank\" tabindex=\"0\" role=\"button\">Tipus de feina<\/span><span class=\"\" data-url=\"\" data-target=\"blank\" tabindex=\"0\" role=\"button\">Com<\/span><\/div><div class=\"su-tabs-panes\"><div class=\"su-tabs-pane su-u-clearfix su-u-trim\" data-title=\"Tem\u00e0tiques\">\n<ul>\n<li>Teatro contra la islamofobia. Proyecto en Barcelona y proyecto europeo TIP 2019 al 22.<\/li>\n<li>Teatro para una Econom\u00eda Social y Solidaria \u2013 ESS<\/li>\n<li>Rumores, fakenews, estereotipos y prejuicios.<\/li>\n<li>Racismo \u2013 Obra de teatro foro. Tambi\u00e9n intervenciones y\/o talleres a institutos.<\/li>\n<li>Intercambio de experiencias art\u00edsticas y comunitarias.<\/li>\n<li>Ley Mordaza.<\/li>\n<li>Contra la EFEC \u2013 \u00bfQu\u00e9 pintan los bancos en las escuelas? \u00bfC\u00f3mo se comportan los bancos con la ciudadan\u00eda?<\/li>\n<li>La situaci\u00f3n de la vivienda y del alquiler en Barcelona. Turismo, gentrificaci\u00f3n y especulaci\u00f3n.<\/li>\n<li>Acoso escolar \u2013 Bullying.<\/li>\n<li>Mujer en el \u00e1mbito laboral. Techo de vidrio.<\/li>\n<li>Teatro para consumidores de metadona &#8211; Proyecto: Anvers del futur.<\/li>\n<li>Detenciones por perfil \u00e9tnico.<\/li>\n<li>Las curas y la educaci\u00f3n.<\/li>\n<li>Educaci\u00f3n en los l\u00edmites a los ni\u00f1os.<\/li>\n<li>Competitividad al deporte.<\/li>\n<\/ul>\n<h4>Joventud<\/h4>\n<ul>\n<li>J\u00f3venes e infancia \u2013 Formaci\u00f3n en escuelas, institutos y Centros de Formaci\u00f3n de Adultos.<\/li>\n<li>Ciclos formativos de Integraci\u00f3n Social.<\/li>\n<li>Formaci\u00f3n en Centros Sociales.<\/li>\n<li>J\u00f3venes con necesidades educativas espec\u00edficas (ISMAB o Cintra).<\/li>\n<li>J\u00f3venes con necesidades educativas especiales (ISMAB, Escola Viver de Sant Foix y Sants Innocents).<\/li>\n<\/ul>\n<p>Si vols contractar un servei pots escriure a\u00a0<a href=\"mailto:info@patothom.org\">info@patothom.org<\/a><\/p>\n<p>&nbsp;<\/p>\n<p><img loading=\"lazy\" decoding=\"async\" class=\"aligncenter size-large wp-image-1425\" src=\"..\/wp-content\/uploads\/2018\/08\/IMG_4240-1024x682.jpg\" alt=\"\" width=\"615\" height=\"410\" \/><\/p>\n<\/div>\n<div class=\"su-tabs-pane su-u-clearfix su-u-trim\" data-title=\"Tipus de feina\">\n<ul>\n<li>Obras de teatro foro<\/li>\n<li>Teatro invisible<\/li>\n<li>Talleres de teatro y formaciones (intensivos i de larga duraci\u00f3n &#8211; m\u00ednimo 16 horas)<\/li>\n<li>Intercambios (nacionales e internacionales)<\/li>\n<li><a href=\"https:\/\/www.patothom.org\/publicacions\/\">Publicaciones<\/a><\/li>\n<\/ul>\n<p>&nbsp;<\/p>\n<p><img loading=\"lazy\" decoding=\"async\" class=\"aligncenter size-medium wp-image-1426\" src=\"..\/wp-content\/uploads\/2018\/08\/moua_iluminat-210x300.jpg\" alt=\"\" width=\"366\" height=\"522\" \/><\/p>\n<p>Si quieres informaci\u00f3n adicional puedes escribir a <a href=\"mailto:info@patothom.org\">info@patothom.org<\/a><\/p>\n<\/div>\n<div class=\"su-tabs-pane su-u-clearfix su-u-trim\" data-title=\"Com\">\n<ul>\n<li>Proyectos<\/li>\n<li>Talleres i formaciones externas<\/li>\n<li>Participaci\u00f3n en jornadas y festivales \/ Charlas \/ Conferencias<\/li>\n<li>Producciones teatrales<\/li>\n<li>Colaboraciones con otras entidades<\/li>\n<li>Redes<\/li>\n<li>Monogr\u00e1ficos \/ Intensivos \/ Workshops \/ Formaci\u00f3n de formadores<\/li>\n<li>Vinculaci\u00f3n a luchas (contra la islamofobia, racismo, discriminaci\u00f3n, Ley Mordaza, feminismo, en contra de los poderes financieros, a favor del agua, a favor de Palestina, vivienda, etc.)<\/li>\n<li><a href=\"https:\/\/www.patothom.org\/publicacions\/\">Publicaciones<\/a><\/li>\n<\/ul>\n<p>&nbsp;<\/p>\n<p><img loading=\"lazy\" decoding=\"async\" class=\"wp-image-1508 size-medium\" src=\"..\/wp-content\/uploads\/2018\/08\/ejecutivos-300x205.jpg\" alt=\"Teatre contra els poders financers - Forn de teatre Pa'tothom\" width=\"497\" height=\"339\" srcset=\"https:\/\/www.patothom.org\/wp-content\/uploads\/2018\/08\/ejecutivos-300x205.jpg 300w, https:\/\/www.patothom.org\/wp-content\/uploads\/2018\/08\/ejecutivos-768x524.jpg 768w, https:\/\/www.patothom.org\/wp-content\/uploads\/2018\/08\/ejecutivos-695x474.jpg 695w, https:\/\/www.patothom.org\/wp-content\/uploads\/2018\/08\/ejecutivos.jpg 880w\" sizes=\"(max-width: 497px) 100vw, 497px\" \/><\/p>\n<p>&nbsp;<\/p>\n<\/div><\/div><\/div>\n<p><strong>\u00a0<\/strong><\/p>\n<p>&nbsp;","protected":false},"excerpt":{"rendered":"<p>Pa\u2019tothom ha llevado a cabo numerosos proyectos con diferentes l\u00edneas de trabajo, diferentes tipos de intervenci\u00f3n y de colectivos. Todos est\u00e1n a cargo del director art\u00edstico de la entidad: Jordi Forcadas \u00a0 &nbsp;<a class=\"moretag\" href=\"https:\/\/www.patothom.org\/es\/proyectos\/\" title=\"Proyectos\" target=\"_self\" rel=\"follow\"> Leer + <\/a><\/p>\n","protected":false},"author":5,"featured_media":0,"parent":0,"menu_order":0,"comment_status":"closed","ping_status":"closed","template":"","meta":{"footnotes":""},"_links":{"self":[{"href":"https:\/\/www.patothom.org\/es\/wp-json\/wp\/v2\/pages\/1374"}],"collection":[{"href":"https:\/\/www.patothom.org\/es\/wp-json\/wp\/v2\/pages"}],"about":[{"href":"https:\/\/www.patothom.org\/es\/wp-json\/wp\/v2\/types\/page"}],"author":[{"embeddable":true,"href":"https:\/\/www.patothom.org\/es\/wp-json\/wp\/v2\/users\/5"}],"replies":[{"embeddable":true,"href":"https:\/\/www.patothom.org\/es\/wp-json\/wp\/v2\/comments?post=1374"}],"version-history":[{"count":58,"href":"https:\/\/www.patothom.org\/es\/wp-json\/wp\/v2\/pages\/1374\/revisions"}],"predecessor-version":[{"id":4171,"href":"https:\/\/www.patothom.org\/es\/wp-json\/wp\/v2\/pages\/1374\/revisions\/4171"}],"wp:attachment":[{"href":"https:\/\/www.patothom.org\/es\/wp-json\/wp\/v2\/media?parent=1374"}],"curies":[{"name":"wp","href":"https:\/\/api.w.org\/{rel}","templated":true}]}}