{"id":3999,"date":"2024-11-15T13:30:16","date_gmt":"2024-11-15T12:30:16","guid":{"rendered":"https:\/\/www.patothom.org\/?page_id=3999"},"modified":"2024-11-22T12:03:57","modified_gmt":"2024-11-22T11:03:57","slug":"mf","status":"publish","type":"page","link":"https:\/\/www.patothom.org\/es\/mf\/","title":{"rendered":"Montse Forcadas &#8211; ESP"},"content":{"rendered":"Amplia experiencia en gesti\u00f3n, coordinaci\u00f3n, planificaci\u00f3n y organizaci\u00f3n de la entidad.<\/p>\n<ul>\n<li><a href=\"https:\/\/www.linkedin.com\/in\/montserrat-forcadas-b-346166338\/\" target=\"_blank\" rel=\"noopener\">Linkedin<\/a><\/li>\n<li>Correo electr\u00f3nico personal: <a href=\"mailto:montsitaf@yahoo.com\" target=\"_blank\" rel=\"noopener\">montsitaf@yahoo.com<\/a><\/li>\n<li><a href=\"https:\/\/www.patothom.org\/wp-content\/uploads\/2024\/11\/CV_Montse_Forcadas_EU_Esp_p.pdf\" target=\"_blank\" rel=\"noopener\">CV_Europeu_Montse_Forcadas<\/a><\/li>\n<\/ul>\n<p>&nbsp;<\/p>\n<p><img loading=\"lazy\" decoding=\"async\" class=\"alignnone size-large wp-image-4023\" src=\"https:\/\/www.patothom.org\/wp-content\/uploads\/2024\/11\/CV-Castella-724x1024.png\" alt=\"\" width=\"615\" height=\"870\" \/>","protected":false},"excerpt":{"rendered":"<p>Amplia experiencia en gesti\u00f3n, coordinaci\u00f3n, planificaci\u00f3n y organizaci\u00f3n de la entidad. Linkedin Correo electr\u00f3nico personal: montsitaf@yahoo.com CV_Europeu_Montse_Forcadas &nbsp;<a class=\"moretag\" href=\"https:\/\/www.patothom.org\/es\/mf\/\" title=\"Montse Forcadas &#8211; ESP\" target=\"_self\" rel=\"follow\"> Leer + <\/a><\/p>\n","protected":false},"author":5,"featured_media":0,"parent":0,"menu_order":0,"comment_status":"closed","ping_status":"closed","template":"","meta":{"footnotes":""},"_links":{"self":[{"href":"https:\/\/www.patothom.org\/es\/wp-json\/wp\/v2\/pages\/3999"}],"collection":[{"href":"https:\/\/www.patothom.org\/es\/wp-json\/wp\/v2\/pages"}],"about":[{"href":"https:\/\/www.patothom.org\/es\/wp-json\/wp\/v2\/types\/page"}],"author":[{"embeddable":true,"href":"https:\/\/www.patothom.org\/es\/wp-json\/wp\/v2\/users\/5"}],"replies":[{"embeddable":true,"href":"https:\/\/www.patothom.org\/es\/wp-json\/wp\/v2\/comments?post=3999"}],"version-history":[{"count":13,"href":"https:\/\/www.patothom.org\/es\/wp-json\/wp\/v2\/pages\/3999\/revisions"}],"predecessor-version":[{"id":4028,"href":"https:\/\/www.patothom.org\/es\/wp-json\/wp\/v2\/pages\/3999\/revisions\/4028"}],"wp:attachment":[{"href":"https:\/\/www.patothom.org\/es\/wp-json\/wp\/v2\/media?parent=3999"}],"curies":[{"name":"wp","href":"https:\/\/api.w.org\/{rel}","templated":true}]}}