{"id":4097,"date":"2025-04-09T10:23:36","date_gmt":"2025-04-09T09:23:36","guid":{"rendered":"https:\/\/www.patothom.org\/?page_id=4097"},"modified":"2025-05-12T10:11:10","modified_gmt":"2025-05-12T09:11:10","slug":"jordi_forcadas","status":"publish","type":"page","link":"https:\/\/www.patothom.org\/es\/jordi_forcadas\/","title":{"rendered":"Jordi Forcadas"},"content":{"rendered":"<p id=\"inicio\" lang=\"es-ES\"><b>Jordi Forcadas<\/b><\/p>\n<p><span lang=\"es-ES\">Fundador y director art\u00edstico y de proyectos del <\/span><em><span lang=\"es-ES\">Forn de teatre Pa\u2019tothom<\/span><\/em><span lang=\"es-ES\">, una entidad pionera en la implementaci\u00f3n del Teatro del Oprimido. Con una s\u00f3lida formaci\u00f3n en dramaturgia y direcci\u00f3n en el Institut del Teatre, ha desarrollado un enfoque propio para formar al \u00abactor social\u00bb, integrando las teor\u00edas de Bertolt Brecht, Augusto Boal y Konstant\u00edn Stanislavski. Desde el a\u00f1o 2000, Forcadas ha liderado m\u00faltiples proyectos que abordan problem\u00e1ticas sociales y promueven el cambio social, trabajando tem\u00e1ticas como inmigraci\u00f3n, discriminaci\u00f3n, derechos de las mujeres, bullying, racismo, islamofobia, salud mental y el contexto penitenciario, entre otros. Adem\u00e1s, imparte cursos y talleres tanto a nivel nacional como internacional, centrados en t\u00e9cnicas de intervenci\u00f3n social a trav\u00e9s del teatro. <\/span><\/p>\n<p><span lang=\"es-ES\">Contacto: <a href=\"mailto:info@patothom.org\">info@patothom.org<\/a> <\/span><\/p>\n<p><span lang=\"es-ES\">Ocupaci\u00f3n actual: Director art\u00edstico y de proyectos del <\/span><em><span lang=\"es-ES\">Forn de Teatre Pa\u2019tothom <\/span><\/em><em><span lang=\"es-ES\">(2000 to 2025).<\/span><\/em><\/p>\n<p><span lang=\"es-ES\">Otros:<\/span><em><span lang=\"es-ES\"> Profesor de Teatre del Oprimido \/ FoF internacional \/ Experto en Teatre del Oprimido<\/span><\/em><\/p>\n<p><a href=\"#Actualmente\"><em>Actualidad<\/em><\/a><br \/>\n<em><a href=\"#ImplementacionSocial\">Implementaci\u00f3n social con teatro<\/a><\/em><br \/>\n<em><a href=\"#trabajoa\">Trabajo art\u00edstico<\/a><\/em><br \/>\n<em><a href=\"#docencia\">Docencia Nacional e internacional<\/a><\/em><br \/>\n<em><a href=\"#titulacion\">Titulaci\u00f3n<\/a><\/em><br \/>\n<em><a href=\"#competencias\">Competencias<\/a><\/em><\/p>\n<h3 id=\"Actualmente\" lang=\"es-ES\">Actualmente<\/h3>\n<ul>\n<li lang=\"es-ES\">Proyecto FOR\u00c7A TEATRE\u00a0 &#8211; Profesor de teatro de l\u2019Escola Collaso i Gil (2022-25) de dos grupos de 4to en el marco de Caixa d\u2019Eines de l\u2019Ajuntament de Barcelona i Teatre Arnau Itinerant.<\/li>\n<li lang=\"es-ES\">Profesor de teatro del oprimido en el Centro de Formaci\u00f3n de Adultos Rius i Taulet (CFA), en el marco del Proyecto NoP &#8211; Nuevas oportunidades. (2022-25) Con la colaboraci\u00f3n de Fundaci\u00f3 Andruxai.<\/li>\n<li lang=\"es-ES\">Director de teatro del grupo del Cercle Bredenc de Breda, Girona (2024-25).<\/li>\n<\/ul>\n<h3 class=\"western\"><span lang=\"es-ES\">Principales actividades y responsabilidades<\/span><\/h3>\n<ul>\n<li lang=\"es-ES\">Dise\u00f1o y conceptualizaci\u00f3n de intervenciones sociales con diversos colectivos a trav\u00e9s del teatro.<\/li>\n<li lang=\"es-ES\">Planificaci\u00f3n, organizaci\u00f3n, ejecuci\u00f3n y evaluaci\u00f3n de proyectos art\u00edsticos.<\/li>\n<li lang=\"es-ES\">Intervenci\u00f3n social como formador de formadores en Teatro del Oprimido.<\/li>\n<li lang=\"es-ES\">Creaci\u00f3n art\u00edstica y conceptualizaci\u00f3n de obras de Teatro Foro.<\/li>\n<li lang=\"es-ES\">Docencia teatral y direcci\u00f3n art\u00edstica.<\/li>\n<li lang=\"es-ES\">Dise\u00f1o de programas pedag\u00f3gicos y planificaci\u00f3n acad\u00e9mica.<\/li>\n<li lang=\"es-ES\">ToT (Training of Trainers) \/ FdF (Formaci\u00f3n de formadores).<\/li>\n<\/ul>\n<p>&nbsp;<\/p>\n<hr \/>\n<h4 class=\"western\"><span lang=\"es-ES\">Experiencia profesional<br \/>\n<\/span><\/h4>\n<h3 id=\"ImplementacionSocial\" class=\"western\"><span lang=\"es-ES\">Implementaci\u00f3n social con teatro<\/span><\/h3>\n<ul>\n<li lang=\"es-ES\">Grupo de Teatro de la Escoleta Popular de l\u2019Antiga Massana (Raval, Barcelona, 2023-24).<\/li>\n<li lang=\"es-ES\">Grupos de teatro en Escola Collaso i Gil, Centre de Formaci\u00f3n d&#8217;Adults y ISMAB (2022-25)-<\/li>\n<li><span lang=\"es-ES\">Dise\u00f1o, formaci\u00f3n, organizaci\u00f3n, ejecuci\u00f3n y evaluaci\u00f3n del Proyecto TIP (<\/span><em><span lang=\"es-ES\">Theatre Tools for Islamophobia Prevention<\/span><\/em><span lang=\"es-ES\">), en el marco del programa <\/span><em><span lang=\"es-ES\">Rights, Equality and Citizenship<\/span><\/em><span lang=\"es-ES\">. Desarrollo de herramientas educativas y elaboraci\u00f3n de una gu\u00eda pedag\u00f3gica. Formaci\u00f3n de formadores (ToT) y creaci\u00f3n de una obra sobre el racismo cotidiano y la discriminaci\u00f3n. 202<\/span><span lang=\"es-ES\">0-23.<\/span><\/li>\n<li lang=\"es-ES\">Intervenci\u00f3n social como formador de formadores en Teatro del Oprimido en Barcelona, trabajando con diversos grupos desde 2020.<\/li>\n<li lang=\"es-ES\">Intervenci\u00f3n social como formador de formadores en Teatro del Oprimido en zonas de conflicto como Medell\u00edn y Cali, Colombia. Formaci\u00f3n dirigida a mujeres comprometidas con la construcci\u00f3n de paz en Colombia. Agosto de 2016.<\/li>\n<li lang=\"es-ES\">Dise\u00f1o, organizaci\u00f3n, ejecuci\u00f3n y evaluaci\u00f3n del primer a\u00f1o de actividades del proyecto FRATT.<br \/>\nEntre las actividades coordinadas se incluye la organizaci\u00f3n del Seminario Internacional sobre Teatro, Educaci\u00f3n, Antirracismo e Islamofobia.<br \/>\nConcepci\u00f3n y puesta en escena de una obra centrada en el racismo cotidiano y la discriminaci\u00f3n. Montaje de una obra de teatro foro contra el racismo.<\/li>\n<li lang=\"es-ES\">Intervenci\u00f3n social como formador de formadores en Teatro del Oprimido en zonas de conflicto como Medell\u00edn, Colombia.<br \/>\nEstancias de trabajo en Medell\u00edn durante un mes en los a\u00f1os 2008, 2009 y 2010.<br \/>\nTem\u00e1ticas y colectivos destinatarios de la formaci\u00f3n:<br \/>\na) ni\u00f1os y ni\u00f1as trabajadores\/as de la calle<br \/>\nb) mujeres vendedoras ambulantes<br \/>\nc) menores v\u00edctimas de explotaci\u00f3n sexual en contextos de calle<\/li>\n<\/ul>\n<p><a href=\"#inicio\">Ir arriba<\/a><\/p>\n<hr \/>\n<h3 id=\"docencia\" class=\"western\"><span lang=\"es-ES\">Docencia nacional e internacional<\/span><\/h3>\n<ul>\n<li lang=\"es-ES\">Formaci\u00f3n Teatro del Oprimido en el marco de Oprima (Madrid, 2024 et alt.)<\/li>\n<li lang=\"es-ES\">Teatro del Oprimido en el <em>Postgrado en Artes Esc\u00e9nicas y Acci\u00f3n Social<\/em> organizado por el Institut de Teatre de Barcelona y la Diputaci\u00f3 (2019-25).<\/li>\n<li lang=\"es-ES\">Formaci\u00f3n en Teatro del Oprimido en el Centro Cultural Next de Cremona organizado por QU.EM. Quintelemento. (Italia, 2024)<\/li>\n<li lang=\"es-ES\">Teatro del Oprimido para Associazione culturale \u201cOfficina Culturale\u00bb (Chivasso, Italia, 2024)<\/li>\n<li lang=\"es-ES\">Teatro del Oprimido para ISMAB\u00a0Los Programas de Formaci\u00f3n e inserci\u00f3n (PFI) y el IFE son itinerarios formativos espec\u00edficos (Barcelona 2023-24).<\/li>\n<li lang=\"es-ES\">Taller de Teatro del Oprimido para formadores (ToT) \u2013 Baal 17 (Portugal, 2024)<\/li>\n<li lang=\"es-ES\">Docente de Teatro del Oprimido para la Associazione Culturale \u00abOfficina Culturale\u00bb, Chivasso (Italia, 2024)<\/li>\n<li lang=\"es-ES\">Taller de Teatro Invisible para el colectivo 1984 (B\u00e9lgica, 2023)<\/li>\n<li lang=\"es-ES\">Taller \u201cAnticuerpos contra los fanatismos totalitarios a trav\u00e9s del teatro\u201d para La Tortuga (Madrid, Espa\u00f1a, 2023)<\/li>\n<li><span lang=\"es-ES\">Docente de Teatro del Oprimido en el <\/span><em><span lang=\"es-ES\">Forn de Teatre Pa\u2019tothom<\/span><\/em><span lang=\"es-ES\"> (Barcelona, 2003\u20132024)<\/span><\/li>\n<li lang=\"es-ES\">Profesor de Teatro del Oprimido en el Posgrado de Artes Esc\u00e9nicas y Acci\u00f3n Social \u2013 Institut del Teatre (Barcelona, 2019\u20132024)<\/li>\n<li lang=\"es-ES\">Formador de formadores en Teatro del Oprimido para docentes de Catalu\u00f1a (Aula de Matar\u00f3, septiembre 2019)<\/li>\n<li lang=\"es-ES\">Profesor del M\u00e1ster en Arteterapia \u2013 Istituto Teatrale Europeo, Roma, Italia (2010\u20132021)<\/li>\n<li><span lang=\"es-ES\">Docente de interpretaci\u00f3n en <\/span><em><span lang=\"es-ES\">Rencontres du Jeune Th\u00e9\u00e2tre Europ\u00e9en<\/span><\/em><span lang=\"es-ES\"> (Grenoble, julio, 2008\u20132024)<\/span><\/li>\n<li lang=\"es-ES\">Taller de Teatro del Oprimido para movimientos art\u00edsticos profesionales (WIM 2018, Burgos, julio 2018)<\/li>\n<li lang=\"es-ES\">Formador de formadores en Teatro del Oprimido sobre participaci\u00f3n y legislaci\u00f3n, dirigido a profesionales del teatro social (Toma Teatro, Madrid, mayo 2018)<\/li>\n<li lang=\"es-ES\">Formador en Teatro del Oprimido \u2013 IUSTUMO (Roma, febrero 2018)<\/li>\n<li lang=\"es-ES\">Profesor en el seminario \u201cPr\u00e0ctiques art\u00edstiques, participaci\u00f3 i canvi social\u201d (Pr\u00e1cticas art\u00edsticas, participaci\u00f3n y cambio social), Barcelona, enero\u2013marzo 2018.<\/li>\n<\/ul>\n<p><a href=\"#inicio\">Ir arriba<\/a><\/p>\n<hr \/>\n<h3 id=\"trabajoa\" class=\"western\"><span lang=\"es-ES\">Trabajo art\u00edstico<\/span><\/h3>\n<p>A lo largo de sus 25 a\u00f1os de trayectoria, Forcadas ha creado y dirigido m\u00e1s de 35 montajes de teatro foro y una decena de obras teatrales, abordando una amplia variedad de tem\u00e1ticas sociales. Su prol\u00edfica labor esc\u00e9nica se ha complementado con una continua labor formativa dirigida a diversos colectivos, consolidando as\u00ed un enfoque integral entre creaci\u00f3n art\u00edstica e intervenci\u00f3n social.<\/p>\n<ul>\n<li style=\"list-style-type: none;\">\n<ul>\n<li style=\"list-style-type: none;\">\n<ul>\n<li>\u201c<span lang=\"es-ES\">Barcelona Challenge\u00bb<br \/>\n<\/span><span lang=\"es-ES\">Tem\u00e1tica: El proceso de adaptaci\u00f3n de un migrante a la ciudad de Barcelona. 2024.<\/span><\/li>\n<li>\u201c<span lang=\"es-ES\">Sin novedad en la historia\u201d \/ <\/span><em>No News in the History<\/em><br \/>\nTem\u00e1tica: La guerra y la subida del fascismo. 2023.<\/li>\n<li>\u00abSin remitente\u00bb \/<em> N<\/em><span class=\"HwtZe\" lang=\"en\"><span class=\"jCAhz ChMk0b\"><span class=\"ryNqvb\"><em>o sender<\/em><br \/>\nTem\u00e1tica: Discriminaci\u00f3n y racismo. 2022.<\/span><\/span><\/span><\/li>\n<li>\u00ab\u00bfQu\u00e9? \u00bfLo logras?\u00bb \/ <em><span class=\"HwtZe\" lang=\"en\"><span class=\"jCAhz ChMk0b\"><span class=\"ryNqvb\">Can you do it?<\/span><\/span><\/span><\/em><br \/>\nTem\u00e0tica: Mujer y mundo laboral. El techo de vidrio y relaciones laborales. Discriminaci\u00f3 de la mujer en entornos laborales. 2019 y 2021.<\/li>\n<li lang=\"es-ES\">\u201cSin tierra\u201d \/ <em>Withoutland<\/em><br \/>\nTem\u00e1tica: Migraci\u00f3n, el viaje, un pa\u00eds nuevo. 2020-21<\/li>\n<li lang=\"es-ES\">\u201cLa insoportable banalitat del tema\u201d \/ <i>The unbearable banality of the subject<br \/>\n<\/i>Tem\u00e1tica: Islamofobia y g\u00e9nero. Islamofobia y educaci\u00f3n. 2020- 22. TIP Proyecto europeo.<\/li>\n<li lang=\"es-ES\">\u201cInflu\u00e8ncies-Conflu\u00e8ncies\u201d \/ <i>Where will we live?<br \/>\n<\/i><span lang=\"es-ES\">Tem\u00e1tica: <\/span>El problema de la vivienda y la especulaci\u00f3n inmobiliaria. Alquileres y compraventa. Turismo y gentrificaci\u00f3n. <span lang=\"es-ES\"> 2019-21.<\/span><\/li>\n<li lang=\"es-ES\">\u201cPla Il\u00b7lusi\u00f3\u201d \/ <i>Illusion plan.<br \/>\n<\/i>Tem\u00e1tica: Comportamiento de los bancos y los poderes financieros con la ciudadan\u00eda en general y denuncia en el \u00e1mbito de la educaci\u00f3n formal en Catalu\u00f1a.<\/li>\n<li lang=\"es-ES\">\u201cMustaf\u00e0 \u00e9s al repla\u201d. <i>Mustaf\u00e0 on the stair.<\/i> FRATT Project.<br \/>\nTem\u00e1tica: Racismo y rumores. 2011 to 2025.<\/li>\n<li lang=\"es-ES\">\u201c\u00a1Detente!\u201d \/ <em>Stop<\/em><br \/>\n<span lang=\"es-ES\">Tem\u00e1tica: Identificaciones por perfil \u00e9tnico. En el marco de la campa\u00f1a \u201cParad de pararme\u201d de SOS Racismo. <\/span><span lang=\"es-ES\">2016<\/span><\/li>\n<li lang=\"es-ES\">\u00abCustodia con partida\u00bb. S<i>hared custody.<\/i> Teatro legislativo (Co-directed with Muriel Naessens)<br \/>\nTem\u00e1tica: Violencia de g\u00e9nero. Uso de los menores para prolongar el maltrato a las mujeres. Derogaci\u00f3n de la ley de custodia de hijos\u00bb. 2012 to 2014. Con la colaboraci\u00f3n de la Asociaci\u00f3n Noestasola.<\/li>\n<li lang=\"es-ES\">\u201cPer qu\u00e8 a mi?\u201d \/ <em>Why me?<\/em><br \/>\nTem\u00e1tica: Acoso escolar. 2014 to 2017. (Ajuntament de Barcelona)<\/li>\n<li lang=\"es-ES\">\u201cGrito amordazado\u201d \/ <em>\u00abMuffled Scream\u00bb or \u00abGagged Scream\u00bb<\/em><br \/>\nTem\u00e1tica: Sobre la ley Mordaza. Se estrena el mismo d\u00eda que la aprueban. Marzo, 2015.<\/li>\n<li lang=\"es-ES\">\u201cOperaci\u00f3 Salfumant\u201d<br \/>\nTem\u00e1tica: Abuso policial contra la juventud en Barcelona. 2015-18. 2014-15.<\/li>\n<li lang=\"es-ES\">\u00abQu\u00e8 dir despr\u00e8s de dir no\u00bb. \/ <em>What to say after saying no<\/em> (C\u00f3mo negociar en nuestras familias).<br \/>\nTem\u00e1tica: educaci\u00f3n, l\u00edmites, relaci\u00f3n entre padres e hijos. 2006 a 2016. (Diputaci\u00f3n de Barcelona)<\/li>\n<li lang=\"es-ES\">\u00abDe trapella a d\u00f3na\u00bb \/ <em>From being a girl to becoming a woman.<\/em><br \/>\nTem\u00e1tica: educaci\u00f3n, despertar sexual de nuestras hijas, g\u00e9nero. 2014.<\/li>\n<li lang=\"es-ES\">\u00abPosa-te\u2019l, posa-li-ho\u00bb \/ <em>Put it on, put it on to him.<\/em><br \/>\nTem\u00e1tica: educaci\u00f3n sexual, VIH, uso del preservativo. 2006 a 2009.<\/li>\n<li lang=\"es-ES\">\u00abAny nou, curs nou\u00bb \/<em> New year, new school.<\/em><br \/>\nTem\u00e1tica: c\u00f3mo pueden afrontar los ni\u00f1os y los padres los problemas. Educaci\u00f3n, l\u00edmites, relaci\u00f3n entre padres e hijos. 2012 a 2014.<\/li>\n<li lang=\"es-ES\">\u00abWe are the champions\u00bb (Gaudir del joc \u2013 <em>Enjoy the game<\/em>)<br \/>\nTem\u00e1tica: competici\u00f3n deportiva. 2007 a 2010 (proyecto desarrollado con FAPAC &#8211; Federaci\u00f3n de Asociaciones de Madres y Padres de Alumnos y la Diputaci\u00f3n de Barcelona).<\/li>\n<li lang=\"es-ES\">\u00abTripilinguis\u00bb \/ <em>A new country.<\/em><br \/>\nTem\u00e1tica: inmigraci\u00f3n, di\u00e1logo intercultural y relaci\u00f3n entre padres e hijos. 2005 a 2013.<\/li>\n<li lang=\"es-ES\">\u00abEducar \u00e9s cosa meva&#8230; teva?\u00bb \/ <em>Education is my thing &#8230; yours?<br \/>\n<\/em>Tem\u00e1tica: retos y carencias en la comunicaci\u00f3n entre instituciones educativas. 2007 a 2015. (Diputaci\u00f3n de Barcelona)<\/li>\n<li lang=\"es-ES\">\u00abConciliar per cr\u00e8ixer\u00bb \/ <em>Reconciling to grow.<\/em><br \/>\nTem\u00e1tica: equilibrio de g\u00e9nero entre vida laboral y familiar. 2008-09.<\/li>\n<li lang=\"es-ES\">\u00abParticipaci\u00f3 a l\u2019AMPA\u00bb \/ <em>Parental participation at school<br \/>\n<\/em>Tem\u00e1tica: AMPA, familias y relaciones en la escuela. 2006 a 2011. (Diputaci\u00f3n de Barcelona)<\/li>\n<li lang=\"es-ES\">\u00abLa Merche va a l&#8217;escola\u00bb \/ <em>Merche goes to school.<br \/>\n<\/em>Tem\u00e1tica: retos escolares para ni\u00f1os que empiezan la escuela. (Diputaci\u00f3n de Barcelona)<\/li>\n<li lang=\"es-ES\">\u00abCarrera d&#8217;obstacles\u00bb \/ <em>Obstacles&#8217; career.<br \/>\n<\/em>Tem\u00e1tica: organizaci\u00f3n social y asociaciones. 2010.<\/li>\n<li lang=\"es-ES\">\u00abBullying\u00bb<br \/>\nTem\u00e1tica: violencia escolar, relaci\u00f3n padres-hijos e instituciones educativas. 2004-05.<\/li>\n<li lang=\"es-ES\">\u00abConfian\u00e7a a l&#8217;entorn\u00bb \/ <em>Confidence in the environment<\/em><br \/>\nTem\u00e1tica: desaf\u00edos y carencias en la educaci\u00f3n. 2004-06.<\/li>\n<li lang=\"es-ES\">\u00abAgust\u00ed o l&#8217;aigua\u00bb \/<em> Augustine or the water<br \/>\n<\/em>Tem\u00e1tica: \u00bfqui\u00e9n es el loco y qui\u00e9n el listo? 2009.<\/li>\n<li lang=\"es-ES\">\u00abOn anem?\u00bb\/\u00a0<em> Where are we going?<\/em><br \/>\nTem\u00e1tica: perspectivas de futuro de la juventud. 2008.<\/li>\n<li lang=\"es-ES\">\u00abAmina busca feina\u00bb \/ <em>Amina&#8217;s looking for work<br \/>\n<\/em>Tem\u00e1tica: g\u00e9nero, trabajo e inmigraci\u00f3n (obra pensada por la familia El Hilali y dirigida por Jordi Forcadas). 2008-2011. (Diputaci\u00f3n de Barcelona). Representada en Centros Penitenciarios de Catalunya.<\/li>\n<li lang=\"es-ES\">\u00abGirar la cara\u00bb \/<em> Turn your face<\/em><br \/>\nTem\u00e1tica: aislamiento social de una persona migrante. Inmigraci\u00f3n. 2007<\/li>\n<li lang=\"es-ES\">\u00abFam\u00edlia nombrosa\u00bb \/ Large Family<br \/>\nTem\u00e1tica: g\u00e9nero, familia, relaci\u00f3n entre padres e hijos. 2007<\/li>\n<li lang=\"es-ES\">\u00abJoan i Albert s\u2019estimen\u00bb \/ <em>John and Albert love each other<\/em><br \/>\nTem\u00e1tica: homosexualidad, opciones sexuales. 2007-08<\/li>\n<\/ul>\n<\/li>\n<\/ul>\n<\/li>\n<\/ul>\n<p>&nbsp;<\/p>\n<p><a href=\"#inicio\">Ir arriba<\/a><\/p>\n<p>&nbsp;<\/p>\n<hr \/>\n<h3 id=\"titulacion\" class=\"western\"><span lang=\"es-ES\">Titulaci\u00f3n obtenida<\/span><\/h3>\n<ul>\n<li style=\"list-style-type: none;\">\n<ul>\n<li style=\"list-style-type: none;\">\n<ul>\n<li lang=\"es-ES\">Grado en Direcci\u00f3n Esc\u00e9nica y Dramaturgia &#8211; Institut del Teatre de Barcelona. 1994\u20131999<\/li>\n<li lang=\"es-ES\">Estudios universitarios en Interpretaci\u00f3n. Grado universitario oficial en Direcci\u00f3n y Dramaturgia. Universidad de Antioquia. 1987\u20131991<\/li>\n<\/ul>\n<\/li>\n<\/ul>\n<\/li>\n<\/ul>\n<p lang=\"es-ES\"><strong>Formaci\u00f3n complementaria desde el a\u00f1o 2000<\/strong><\/p>\n<p lang=\"es-ES\">Certificaci\u00f3n en Teatro del Oprimido &#8211; Formaci\u00f3n continua a trav\u00e9s de talleres especializados en el Centre de Teatre de l\u2019Oprimit \u2013 Forn de teatre Pa\u2019tothom (Barcelona), impartidos por referentes internacionales en la materia.<\/p>\n<p lang=\"es-ES\">Entre los m\u00e1s destacados:<\/p>\n<p lang=\"es-ES\">\u2022 Nuevos modelos de Teatro del Oprimido \u2013 Julian Boal (diciembre 2022 y 23)<\/p>\n<p lang=\"es-ES\">\u2022 El Teatro del Oprimido polarizado \u2013 Dr. Chen Alon (Israel, 2016)<\/p>\n<p lang=\"es-ES\">\u2022 \u00bfC\u00f3mo formular una pregunta en el Teatro Foro? \u2013 Julian Boal (Brasil, 2015 y 2016)<\/p>\n<p lang=\"es-ES\">\u2022 Teatro contra el sexismo y para la prevenci\u00f3n de las violencias hacia las mujeres \u2013 Muriel Naessens (Francia, 2014)<\/p>\n<p lang=\"es-ES\">\u2022 Escribir la obra y el poder, en lugar de actuar el guion \u2013 Ganguly Sanjoy (India, 2013)<\/p>\n<p lang=\"es-ES\">\u2022 Una peligrosa asociaci\u00f3n de conceptos: seguridad p\u00fablica e inmigraci\u00f3n \u2013 Roberto Mazzini (Italia, 2013)<\/p>\n<p lang=\"es-ES\">\u2022 Colores del conflicto \u2013 Alvim Cossa (Mozambique, 2011)<\/p>\n<p lang=\"es-ES\">\u2022 Rompiendo la cultura del silencio \u2013 Till Baumann y Katrin Wolf (Alemania, 2011)<\/p>\n<p lang=\"es-ES\">\u2022 Teatro del Oprimido y salud mental \u2013 Brent Blair (EE. UU., 2010)<\/p>\n<p lang=\"es-ES\">\u2022 Teatro como intervenci\u00f3n social. Pretexto y drama \u2013 Allan Owen (Reino Unido, marzo 2010; taller de 4 d\u00edas)<\/p>\n<p lang=\"es-ES\">Titulaci\u00f3n obtenida y principales competencias adquiridas:<\/p>\n<p lang=\"es-ES\">\u2022 Formaci\u00f3n de Formadores (ToT) para la intervenci\u00f3n social a trav\u00e9s del teatro<\/p>\n<p lang=\"es-ES\">\u2022 Direcci\u00f3n y dramaturgia de obras de Teatro Foro<\/p>\n<p lang=\"es-ES\">\u2022 Especializaci\u00f3n en Teatro del Oprimido. Pr\u00e1ctica del \u00abjoker\u00bb<\/p>\n<p lang=\"es-ES\">\u2022 Interpretaci\u00f3n e intervenci\u00f3n teatral en contextos sociales<\/p>\n<p lang=\"es-ES\">\u2022 T\u00e9cnicas de actuaci\u00f3n aplicadas al Teatro del Oprimido<\/p>\n<p lang=\"es-ES\">\u2022 Miembro del Consejo de Administraci\u00f3n de R\u00e9seau du Jeune Th\u00e9\u00e2tre Europ\u00e9en (Francia)<\/p>\n<p lang=\"es-ES\">\n<p lang=\"es-ES\"><a href=\"#inicio\">Ir arriba<\/a><\/p>\n<hr \/>\n<h3 lang=\"es-ES\"><\/h3>\n<h3 id=\"competencias\" class=\"western\" lang=\"es-ES\">Competencias personales<\/h3>\n<p lang=\"es-ES\">Lengua materna: Espa\u00f1ol \/ Catal\u00e1n<\/p>\n<h3 class=\"western\"><span style=\"font-size: medium;\"><span lang=\"es-ES\">Otros idiomas<\/span><\/span><\/h3>\n<table width=\"643\" cellspacing=\"0\" cellpadding=\"2\">\n<thead>\n<tr>\n<th width=\"58\">\n<p lang=\"es-ES\">Idioma<\/p>\n<\/th>\n<th width=\"145\">\n<p lang=\"es-ES\">Comprensi\u00f3n auditiva<\/p>\n<\/th>\n<th width=\"138\">\n<p lang=\"es-ES\">Comprensi\u00f3n lectora<\/p>\n<\/th>\n<th width=\"108\">\n<p lang=\"es-ES\">Interacci\u00f3n oral<\/p>\n<\/th>\n<th width=\"98\">\n<p lang=\"es-ES\">Expresi\u00f3n oral<\/p>\n<\/th>\n<th width=\"71\">\n<p lang=\"es-ES\">Escritura<\/p>\n<\/th>\n<\/tr>\n<\/thead>\n<tbody>\n<tr>\n<td width=\"58\"><span lang=\"es-ES\">Franc\u00e9s<\/span><\/td>\n<td width=\"145\">\n<p lang=\"es-ES\">C2<\/p>\n<\/td>\n<td width=\"138\">\n<p lang=\"es-ES\">C2<\/p>\n<\/td>\n<td width=\"108\">\n<p lang=\"es-ES\">C2<\/p>\n<\/td>\n<td width=\"98\">\n<p lang=\"es-ES\">C2<\/p>\n<\/td>\n<td width=\"71\">\n<p lang=\"es-ES\">C2<\/p>\n<\/td>\n<\/tr>\n<tr>\n<td width=\"58\"><span lang=\"es-ES\">Ingl\u00e9s<\/span><\/td>\n<td width=\"145\">\n<p lang=\"es-ES\">C1<\/p>\n<\/td>\n<td width=\"138\">\n<p lang=\"es-ES\">C1<\/p>\n<\/td>\n<td width=\"108\">\n<p lang=\"es-ES\">C1<\/p>\n<\/td>\n<td width=\"98\">\n<p lang=\"es-ES\">C1<\/p>\n<\/td>\n<td width=\"71\">\n<p lang=\"es-ES\">C1<\/p>\n<\/td>\n<\/tr>\n<\/tbody>\n<\/table>\n<p><em><span lang=\"es-ES\">(Seg\u00fan el Marco Com\u00fan Europeo de Referencia para las Lenguas)<\/span><\/em><\/p>\n<hr \/>\n<h3><\/h3>\n<h3 class=\"western\"><span style=\"font-size: medium;\"><span lang=\"es-ES\">Competencias sociales<\/span><\/span><\/h3>\n<p>\u2022 <span lang=\"es-ES\">Habilidades y apertura para trabajar con poblaciones diversas, con distintos intereses y capacidades<\/span><\/p>\n<p>\u2022 <span lang=\"es-ES\">Gran capacidad de adaptaci\u00f3n a entornos multiculturales, adquirida a trav\u00e9s del trabajo con Teatro del Oprimido<\/span><\/p>\n<p>\u2022 <span lang=\"es-ES\">Buenas dotes comunicativas desarrolladas como formador en teatro social<\/span><\/p>\n<p>\u2022 <span lang=\"es-ES\">Flexibilidad y capacidad de intercambio de opiniones y experiencias en diferentes contextos<\/span><\/p>\n<p>\u2022 <span lang=\"es-ES\">Experiencia con colectivos en situaci\u00f3n de vulnerabilidad: drogodependencia, discapacidad mental, violencia de g\u00e9nero<\/span><\/p>\n<p>\u2022 <span lang=\"es-ES\">Capacidad para abordar m\u00faltiples problem\u00e1ticas a trav\u00e9s del teatro<\/span><\/p>\n<p>\u2022 <span lang=\"es-ES\">Experiencia consolidada en coordinaci\u00f3n de equipos de trabajo docente<\/span><\/p>\n<p>&nbsp;<\/p>\n<h3 class=\"western\"><span style=\"font-size: medium;\"><span lang=\"es-ES\">Competencias organizativas<\/span><\/span><\/h3>\n<p>\u2022 <span lang=\"es-ES\">Coordinaci\u00f3n de grupos para la consecuci\u00f3n de objetivos en proyectos sociales y art\u00edsticos<\/span><\/p>\n<p>\u2022 <span lang=\"es-ES\">Habilidad para gestionar grupos de distintos tama\u00f1os e intereses<\/span><\/p>\n<p>\u2022 <span lang=\"es-ES\">Coordinaci\u00f3n de la comunicaci\u00f3n entre distintos actores involucrados en una iniciativa<\/span><\/p>\n<p>\u2022 <span lang=\"es-ES\">Capacidad para conciliar intereses diversos en contextos de intervenci\u00f3n comunitaria<\/span><\/p>\n<p>\u2022 <span lang=\"es-ES\">Organizaci\u00f3n y ejecuci\u00f3n de siete ediciones del Encuentro Internacional de Teatro y Educaci\u00f3n<\/span><\/p>\n<p>\u2022 <span lang=\"es-ES\">Experiencia internacional en organizaci\u00f3n y coordinaci\u00f3n de eventos, proyectos y equipos multidisciplinarios<\/span><\/p>\n<p>&nbsp;<\/p>\n<h3><span lang=\"es-ES\">Art\u00edculos y publicaciones<\/span><\/h3>\n<p><span lang=\"es-ES\">Para m\u00e1s informaci\u00f3n sobre publicaciones y art\u00edculos profesionales:<br \/>\n<a href=\"https:\/\/www.patothom.org\/es\/publicacions\/\" target=\"_blank\" rel=\"noopener\">https:\/\/www.patothom.org\/es\/publicacions\/<\/a><\/span><\/p>\n<p>&nbsp;<\/p>\n<p><a href=\"#inicio\">Ir arriba<\/a>","protected":false},"excerpt":{"rendered":"<p>Jordi Forcadas Fundador y director art\u00edstico y de proyectos del Forn de teatre Pa\u2019tothom, una entidad pionera en la implementaci\u00f3n del Teatro del Oprimido. Con una s\u00f3lida formaci\u00f3n en dramaturgia y direcci\u00f3n en el Institut del Teatre, ha desarrollado un enfoque propio para formar al \u00abactor social\u00bb, integrando las teor\u00edas de Bertolt Brecht, Augusto Boal<a class=\"moretag\" href=\"https:\/\/www.patothom.org\/es\/jordi_forcadas\/\" title=\"Jordi Forcadas\" target=\"_self\" rel=\"follow\"> Leer + <\/a><\/p>\n","protected":false},"author":4,"featured_media":3471,"parent":0,"menu_order":0,"comment_status":"closed","ping_status":"closed","template":"","meta":{"footnotes":""},"_links":{"self":[{"href":"https:\/\/www.patothom.org\/es\/wp-json\/wp\/v2\/pages\/4097"}],"collection":[{"href":"https:\/\/www.patothom.org\/es\/wp-json\/wp\/v2\/pages"}],"about":[{"href":"https:\/\/www.patothom.org\/es\/wp-json\/wp\/v2\/types\/page"}],"author":[{"embeddable":true,"href":"https:\/\/www.patothom.org\/es\/wp-json\/wp\/v2\/users\/4"}],"replies":[{"embeddable":true,"href":"https:\/\/www.patothom.org\/es\/wp-json\/wp\/v2\/comments?post=4097"}],"version-history":[{"count":42,"href":"https:\/\/www.patothom.org\/es\/wp-json\/wp\/v2\/pages\/4097\/revisions"}],"predecessor-version":[{"id":4200,"href":"https:\/\/www.patothom.org\/es\/wp-json\/wp\/v2\/pages\/4097\/revisions\/4200"}],"wp:featuredmedia":[{"embeddable":true,"href":"https:\/\/www.patothom.org\/es\/wp-json\/wp\/v2\/media\/3471"}],"wp:attachment":[{"href":"https:\/\/www.patothom.org\/es\/wp-json\/wp\/v2\/media?parent=4097"}],"curies":[{"name":"wp","href":"https:\/\/api.w.org\/{rel}","templated":true}]}}